{"id":3863,"date":"2025-12-03T14:35:02","date_gmt":"2025-12-03T19:35:02","guid":{"rendered":"https:\/\/destinationlacsaintjean.ca\/le-lac-saint-jean\/"},"modified":"2026-04-20T12:57:24","modified_gmt":"2026-04-20T16:57:24","slug":"lac-saint-jean","status":"publish","type":"page","link":"https:\/\/destinationlacsaintjean.ca\/en\/lac-saint-jean\/","title":{"rendered":"Lac-Saint-Jean"},"content":{"rendered":"","protected":false},"excerpt":{"rendered":"","protected":false},"author":1,"featured_media":810,"parent":0,"menu_order":0,"comment_status":"closed","ping_status":"closed","template":"Template-LeLacStJean.php","meta":{"_acf_changed":false,"footnotes":""},"class_list":["post-3863","page","type-page","status-publish","has-post-thumbnail","hentry"],"acf":[],"yoast_head":"<!-- This site is optimized with the Yoast SEO plugin v27.4 - https:\/\/yoast.com\/product\/yoast-seo-wordpress\/ -->\n<title>Lac-Saint-Jean - Destination Lac-Saint-Jean<\/title>\n<meta name=\"description\" content=\"Vaste comme une mer int\u00e9rieure, le territoire du Lac-Saint-Jean d\u00e9ploie une superficie impressionnante o\u00f9 l\u2019eau, la terre et le ciel semblent se r\u00e9pondre \u00e0 l\u2019infini.\" \/>\n<meta name=\"robots\" content=\"index, follow, max-snippet:-1, max-image-preview:large, max-video-preview:-1\" \/>\n<link rel=\"canonical\" href=\"https:\/\/destinationlacsaintjean.ca\/en\/lac-saint-jean\/\" \/>\n<meta property=\"og:locale\" content=\"en_US\" \/>\n<meta property=\"og:type\" content=\"article\" \/>\n<meta property=\"og:title\" content=\"Lac-Saint-Jean - Destination Lac-Saint-Jean\" \/>\n<meta property=\"og:description\" content=\"Vaste comme une mer int\u00e9rieure, le territoire du Lac-Saint-Jean d\u00e9ploie une superficie impressionnante o\u00f9 l\u2019eau, la terre et le ciel semblent se r\u00e9pondre \u00e0 l\u2019infini.\" \/>\n<meta property=\"og:url\" content=\"https:\/\/destinationlacsaintjean.ca\/en\/lac-saint-jean\/\" \/>\n<meta property=\"og:site_name\" content=\"Destination Lac-Saint-Jean\" \/>\n<meta property=\"article:publisher\" content=\"https:\/\/www.facebook.com\/DestinationLacSaintJean\/?locale=fr_CA\" \/>\n<meta property=\"article:modified_time\" content=\"2026-04-20T16:57:24+00:00\" \/>\n<meta property=\"og:image\" content=\"https:\/\/destinationlacsaintjean.ca\/wp-content\/uploads\/2026\/01\/HD_Canopee2024_Route_du_Lac_173.webp\" \/>\n\t<meta property=\"og:image:width\" content=\"2500\" \/>\n\t<meta property=\"og:image:height\" content=\"1730\" \/>\n\t<meta property=\"og:image:type\" content=\"image\/webp\" \/>\n<meta name=\"twitter:card\" content=\"summary_large_image\" \/>\n<script type=\"application\/ld+json\" class=\"yoast-schema-graph\">{\"@context\":\"https:\\\/\\\/schema.org\",\"@graph\":[{\"@type\":\"WebPage\",\"@id\":\"https:\\\/\\\/destinationlacsaintjean.ca\\\/en\\\/lac-saint-jean\\\/\",\"url\":\"https:\\\/\\\/destinationlacsaintjean.ca\\\/en\\\/lac-saint-jean\\\/\",\"name\":\"Lac-Saint-Jean - Destination Lac-Saint-Jean\",\"isPartOf\":{\"@id\":\"https:\\\/\\\/destinationlacsaintjean.ca\\\/#website\"},\"primaryImageOfPage\":{\"@id\":\"https:\\\/\\\/destinationlacsaintjean.ca\\\/en\\\/lac-saint-jean\\\/#primaryimage\"},\"image\":{\"@id\":\"https:\\\/\\\/destinationlacsaintjean.ca\\\/en\\\/lac-saint-jean\\\/#primaryimage\"},\"thumbnailUrl\":\"https:\\\/\\\/destinationlacsaintjean.ca\\\/wp-content\\\/uploads\\\/2026\\\/01\\\/HD_Canopee2024_Route_du_Lac_173.webp\",\"datePublished\":\"2025-12-03T19:35:02+00:00\",\"dateModified\":\"2026-04-20T16:57:24+00:00\",\"description\":\"Vaste comme une mer int\u00e9rieure, le territoire du Lac-Saint-Jean d\u00e9ploie une superficie impressionnante o\u00f9 l\u2019eau, la terre et le ciel semblent se r\u00e9pondre \u00e0 l\u2019infini.\",\"breadcrumb\":{\"@id\":\"https:\\\/\\\/destinationlacsaintjean.ca\\\/en\\\/lac-saint-jean\\\/#breadcrumb\"},\"inLanguage\":\"en-US\",\"potentialAction\":[{\"@type\":\"ReadAction\",\"target\":[\"https:\\\/\\\/destinationlacsaintjean.ca\\\/en\\\/lac-saint-jean\\\/\"]}]},{\"@type\":\"ImageObject\",\"inLanguage\":\"en-US\",\"@id\":\"https:\\\/\\\/destinationlacsaintjean.ca\\\/en\\\/lac-saint-jean\\\/#primaryimage\",\"url\":\"https:\\\/\\\/destinationlacsaintjean.ca\\\/wp-content\\\/uploads\\\/2026\\\/01\\\/HD_Canopee2024_Route_du_Lac_173.webp\",\"contentUrl\":\"https:\\\/\\\/destinationlacsaintjean.ca\\\/wp-content\\\/uploads\\\/2026\\\/01\\\/HD_Canopee2024_Route_du_Lac_173.webp\",\"width\":2500,\"height\":1730},{\"@type\":\"BreadcrumbList\",\"@id\":\"https:\\\/\\\/destinationlacsaintjean.ca\\\/en\\\/lac-saint-jean\\\/#breadcrumb\",\"itemListElement\":[{\"@type\":\"ListItem\",\"position\":1,\"name\":\"Accueil\",\"item\":\"https:\\\/\\\/destinationlacsaintjean.ca\\\/en\\\/accueil\\\/\"},{\"@type\":\"ListItem\",\"position\":2,\"name\":\"Lac-Saint-Jean\"}]},{\"@type\":\"WebSite\",\"@id\":\"https:\\\/\\\/destinationlacsaintjean.ca\\\/#website\",\"url\":\"https:\\\/\\\/destinationlacsaintjean.ca\\\/\",\"name\":\"Destination Lac-Saint-Jean\",\"description\":\"Venez d\u00e9couvrir 86 esp\u00e8ces de la Bor\u00e9alie et des r\u00e9gions froides du monde et profitez, tout comme nos animaux, de la splendeur de nos espaces.\",\"publisher\":{\"@id\":\"https:\\\/\\\/destinationlacsaintjean.ca\\\/#organization\"},\"potentialAction\":[{\"@type\":\"SearchAction\",\"target\":{\"@type\":\"EntryPoint\",\"urlTemplate\":\"https:\\\/\\\/destinationlacsaintjean.ca\\\/?s={search_term_string}\"},\"query-input\":{\"@type\":\"PropertyValueSpecification\",\"valueRequired\":true,\"valueName\":\"search_term_string\"}}],\"inLanguage\":\"en-US\"},{\"@type\":\"Organization\",\"@id\":\"https:\\\/\\\/destinationlacsaintjean.ca\\\/#organization\",\"name\":\"Destination Lac-Saint-Jean\",\"url\":\"https:\\\/\\\/destinationlacsaintjean.ca\\\/\",\"logo\":{\"@type\":\"ImageObject\",\"inLanguage\":\"en-US\",\"@id\":\"https:\\\/\\\/destinationlacsaintjean.ca\\\/#\\\/schema\\\/logo\\\/image\\\/\",\"url\":\"https:\\\/\\\/destinationlacsaintjean.ca\\\/wp-content\\\/uploads\\\/2026\\\/02\\\/cropped-Groupe-233.png\",\"contentUrl\":\"https:\\\/\\\/destinationlacsaintjean.ca\\\/wp-content\\\/uploads\\\/2026\\\/02\\\/cropped-Groupe-233.png\",\"width\":512,\"height\":512,\"caption\":\"Destination Lac-Saint-Jean\"},\"image\":{\"@id\":\"https:\\\/\\\/destinationlacsaintjean.ca\\\/#\\\/schema\\\/logo\\\/image\\\/\"},\"sameAs\":[\"https:\\\/\\\/www.facebook.com\\\/DestinationLacSaintJean\\\/?locale=fr_CA\",\"https:\\\/\\\/www.instagram.com\\\/destinationlsj\\\/\",\"https:\\\/\\\/www.youtube.com\\\/@destinationlac-saint-jean6727\"]}]}<\/script>\n<!-- \/ Yoast SEO plugin. -->","yoast_head_json":{"title":"Lac-Saint-Jean - Destination Lac-Saint-Jean","description":"Vaste comme une mer int\u00e9rieure, le territoire du Lac-Saint-Jean d\u00e9ploie une superficie impressionnante o\u00f9 l\u2019eau, la terre et le ciel semblent se r\u00e9pondre \u00e0 l\u2019infini.","robots":{"index":"index","follow":"follow","max-snippet":"max-snippet:-1","max-image-preview":"max-image-preview:large","max-video-preview":"max-video-preview:-1"},"canonical":"https:\/\/destinationlacsaintjean.ca\/en\/lac-saint-jean\/","og_locale":"en_US","og_type":"article","og_title":"Lac-Saint-Jean - Destination Lac-Saint-Jean","og_description":"Vaste comme une mer int\u00e9rieure, le territoire du Lac-Saint-Jean d\u00e9ploie une superficie impressionnante o\u00f9 l\u2019eau, la terre et le ciel semblent se r\u00e9pondre \u00e0 l\u2019infini.","og_url":"https:\/\/destinationlacsaintjean.ca\/en\/lac-saint-jean\/","og_site_name":"Destination Lac-Saint-Jean","article_publisher":"https:\/\/www.facebook.com\/DestinationLacSaintJean\/?locale=fr_CA","article_modified_time":"2026-04-20T16:57:24+00:00","og_image":[{"width":2500,"height":1730,"url":"https:\/\/destinationlacsaintjean.ca\/wp-content\/uploads\/2026\/01\/HD_Canopee2024_Route_du_Lac_173.webp","type":"image\/webp"}],"twitter_card":"summary_large_image","schema":{"@context":"https:\/\/schema.org","@graph":[{"@type":"WebPage","@id":"https:\/\/destinationlacsaintjean.ca\/en\/lac-saint-jean\/","url":"https:\/\/destinationlacsaintjean.ca\/en\/lac-saint-jean\/","name":"Lac-Saint-Jean - Destination Lac-Saint-Jean","isPartOf":{"@id":"https:\/\/destinationlacsaintjean.ca\/#website"},"primaryImageOfPage":{"@id":"https:\/\/destinationlacsaintjean.ca\/en\/lac-saint-jean\/#primaryimage"},"image":{"@id":"https:\/\/destinationlacsaintjean.ca\/en\/lac-saint-jean\/#primaryimage"},"thumbnailUrl":"https:\/\/destinationlacsaintjean.ca\/wp-content\/uploads\/2026\/01\/HD_Canopee2024_Route_du_Lac_173.webp","datePublished":"2025-12-03T19:35:02+00:00","dateModified":"2026-04-20T16:57:24+00:00","description":"Vaste comme une mer int\u00e9rieure, le territoire du Lac-Saint-Jean d\u00e9ploie une superficie impressionnante o\u00f9 l\u2019eau, la terre et le ciel semblent se r\u00e9pondre \u00e0 l\u2019infini.","breadcrumb":{"@id":"https:\/\/destinationlacsaintjean.ca\/en\/lac-saint-jean\/#breadcrumb"},"inLanguage":"en-US","potentialAction":[{"@type":"ReadAction","target":["https:\/\/destinationlacsaintjean.ca\/en\/lac-saint-jean\/"]}]},{"@type":"ImageObject","inLanguage":"en-US","@id":"https:\/\/destinationlacsaintjean.ca\/en\/lac-saint-jean\/#primaryimage","url":"https:\/\/destinationlacsaintjean.ca\/wp-content\/uploads\/2026\/01\/HD_Canopee2024_Route_du_Lac_173.webp","contentUrl":"https:\/\/destinationlacsaintjean.ca\/wp-content\/uploads\/2026\/01\/HD_Canopee2024_Route_du_Lac_173.webp","width":2500,"height":1730},{"@type":"BreadcrumbList","@id":"https:\/\/destinationlacsaintjean.ca\/en\/lac-saint-jean\/#breadcrumb","itemListElement":[{"@type":"ListItem","position":1,"name":"Accueil","item":"https:\/\/destinationlacsaintjean.ca\/en\/accueil\/"},{"@type":"ListItem","position":2,"name":"Lac-Saint-Jean"}]},{"@type":"WebSite","@id":"https:\/\/destinationlacsaintjean.ca\/#website","url":"https:\/\/destinationlacsaintjean.ca\/","name":"Destination Lac-Saint-Jean","description":"Venez d\u00e9couvrir 86 esp\u00e8ces de la Bor\u00e9alie et des r\u00e9gions froides du monde et profitez, tout comme nos animaux, de la splendeur de nos espaces.","publisher":{"@id":"https:\/\/destinationlacsaintjean.ca\/#organization"},"potentialAction":[{"@type":"SearchAction","target":{"@type":"EntryPoint","urlTemplate":"https:\/\/destinationlacsaintjean.ca\/?s={search_term_string}"},"query-input":{"@type":"PropertyValueSpecification","valueRequired":true,"valueName":"search_term_string"}}],"inLanguage":"en-US"},{"@type":"Organization","@id":"https:\/\/destinationlacsaintjean.ca\/#organization","name":"Destination Lac-Saint-Jean","url":"https:\/\/destinationlacsaintjean.ca\/","logo":{"@type":"ImageObject","inLanguage":"en-US","@id":"https:\/\/destinationlacsaintjean.ca\/#\/schema\/logo\/image\/","url":"https:\/\/destinationlacsaintjean.ca\/wp-content\/uploads\/2026\/02\/cropped-Groupe-233.png","contentUrl":"https:\/\/destinationlacsaintjean.ca\/wp-content\/uploads\/2026\/02\/cropped-Groupe-233.png","width":512,"height":512,"caption":"Destination Lac-Saint-Jean"},"image":{"@id":"https:\/\/destinationlacsaintjean.ca\/#\/schema\/logo\/image\/"},"sameAs":["https:\/\/www.facebook.com\/DestinationLacSaintJean\/?locale=fr_CA","https:\/\/www.instagram.com\/destinationlsj\/","https:\/\/www.youtube.com\/@destinationlac-saint-jean6727"]}]}},"_links":{"self":[{"href":"https:\/\/destinationlacsaintjean.ca\/en\/wp-json\/wp\/v2\/pages\/3863","targetHints":{"allow":["GET"]}}],"collection":[{"href":"https:\/\/destinationlacsaintjean.ca\/en\/wp-json\/wp\/v2\/pages"}],"about":[{"href":"https:\/\/destinationlacsaintjean.ca\/en\/wp-json\/wp\/v2\/types\/page"}],"author":[{"embeddable":true,"href":"https:\/\/destinationlacsaintjean.ca\/en\/wp-json\/wp\/v2\/users\/1"}],"replies":[{"embeddable":true,"href":"https:\/\/destinationlacsaintjean.ca\/en\/wp-json\/wp\/v2\/comments?post=3863"}],"version-history":[{"count":1,"href":"https:\/\/destinationlacsaintjean.ca\/en\/wp-json\/wp\/v2\/pages\/3863\/revisions"}],"predecessor-version":[{"id":3874,"href":"https:\/\/destinationlacsaintjean.ca\/en\/wp-json\/wp\/v2\/pages\/3863\/revisions\/3874"}],"wp:featuredmedia":[{"embeddable":true,"href":"https:\/\/destinationlacsaintjean.ca\/en\/wp-json\/wp\/v2\/media\/810"}],"wp:attachment":[{"href":"https:\/\/destinationlacsaintjean.ca\/en\/wp-json\/wp\/v2\/media?parent=3863"}],"curies":[{"name":"wp","href":"https:\/\/api.w.org\/{rel}","templated":true}]}}